{"id":23317,"date":"2018-05-25T21:20:13","date_gmt":"2018-05-25T19:20:13","guid":{"rendered":"https:\/\/clautic.com\/politica-de-privacidad\/"},"modified":"2024-02-29T13:15:09","modified_gmt":"2024-02-29T12:15:09","slug":"politica-de-privacidad","status":"publish","type":"page","link":"https:\/\/clautic.com\/es\/politica-de-privacidad\/","title":{"rendered":"Pol\u00edtica de Privacidad"},"content":{"rendered":"\t\t<div data-elementor-type=\"wp-page\" data-elementor-id=\"23317\" class=\"elementor elementor-23317 elementor-15272\" data-elementor-post-type=\"page\">\n\t\t\t\t\t\t<section class=\"elementor-section elementor-top-section elementor-element elementor-element-36ac508 elementor-section-height-min-height elementor-section-boxed elementor-section-height-default elementor-section-items-middle\" data-id=\"36ac508\" data-element_type=\"section\" data-e-type=\"section\" data-settings=\"{&quot;jet_parallax_layout_list&quot;:[],&quot;shape_divider_bottom&quot;:&quot;tilt&quot;}\">\n\t\t\t\t\t<div class=\"elementor-shape elementor-shape-bottom\" aria-hidden=\"true\" data-negative=\"false\">\n\t\t\t<svg xmlns=\"http:\/\/www.w3.org\/2000\/svg\" viewBox=\"0 0 1000 100\" preserveAspectRatio=\"none\">\n\t<path class=\"elementor-shape-fill\" d=\"M0,6V0h1000v100L0,6z\"\/>\n<\/svg>\t\t<\/div>\n\t\t\t\t\t<div class=\"elementor-container elementor-column-gap-default\">\n\t\t\t\t\t<div class=\"elementor-column elementor-col-50 elementor-top-column elementor-element elementor-element-1a46adf\" data-id=\"1a46adf\" data-element_type=\"column\" data-e-type=\"column\">\n\t\t\t<div class=\"elementor-widget-wrap elementor-element-populated\">\n\t\t\t\t\t\t<div class=\"elementor-element elementor-element-586596e elementor-widget elementor-widget-heading\" data-id=\"586596e\" data-element_type=\"widget\" data-e-type=\"widget\" data-widget_type=\"heading.default\">\n\t\t\t\t<div class=\"elementor-widget-container\">\n\t\t\t\t\t<h1 class=\"elementor-heading-title elementor-size-default\">Pol\u00edtica de Privacidad<\/h1>\t\t\t\t<\/div>\n\t\t\t\t<\/div>\n\t\t\t\t\t<\/div>\n\t\t<\/div>\n\t\t\t\t<div class=\"elementor-column elementor-col-50 elementor-top-column elementor-element elementor-element-9dd22db elementor-hidden-mobile\" data-id=\"9dd22db\" data-element_type=\"column\" data-e-type=\"column\">\n\t\t\t<div class=\"elementor-widget-wrap\">\n\t\t\t\t\t\t\t<\/div>\n\t\t<\/div>\n\t\t\t\t\t<\/div>\n\t\t<\/section>\n\t\t\t\t<section class=\"elementor-section elementor-top-section elementor-element elementor-element-7234b7e2 elementor-section-boxed elementor-section-height-default elementor-section-height-default\" data-id=\"7234b7e2\" data-element_type=\"section\" data-e-type=\"section\" data-settings=\"{&quot;jet_parallax_layout_list&quot;:[]}\">\n\t\t\t\t\t\t<div class=\"elementor-container elementor-column-gap-default\">\n\t\t\t\t\t<div class=\"elementor-column elementor-col-100 elementor-top-column elementor-element elementor-element-639e803e\" data-id=\"639e803e\" data-element_type=\"column\" data-e-type=\"column\">\n\t\t\t<div class=\"elementor-widget-wrap elementor-element-populated\">\n\t\t\t\t\t\t<div class=\"elementor-element elementor-element-1be93fe4 elementor-widget elementor-widget-text-editor\" data-id=\"1be93fe4\" data-element_type=\"widget\" data-e-type=\"widget\" data-widget_type=\"text-editor.default\">\n\t\t\t\t<div class=\"elementor-widget-container\">\n\t\t\t\t\t\t\t\t\t<h3 style=\"background: white; margin: 0cm 0cm 7.5pt 0cm;\"><strong><span style=\"font-family: 'Open Sans', sans-serif;\">1. INFORMACI\u00d3N AL USUARIO<\/span><\/strong><\/h3>\n<p style=\"background: white; font-variant-ligatures: normal; font-variant-caps: normal; orphans: 2; text-align: start; widows: 2; -webkit-text-stroke-width: 0px; text-decoration-style: initial; text-decoration-color: initial; word-spacing: 0px; margin: 0cm 0cm 7.5pt 0cm;\"><span style=\"font-family: 'Open Sans', sans-serif;\"><strong>CLAUTIC S.L.<\/strong>, desde ahora RESPONSABLE, es el Responsable del tratamiento de los datos personales del Usuario y le informa que estos datos ser\u00e1n tratados de conformidad con lo dispuesto en el Reglamento (UE) 2016\/679 de 27 de abril de 2016 (GDPR) relativo a la protecci\u00f3n de las personas f\u00edsicas en cuanto al tratamiento de datos personales y a la libre circulaci\u00f3n de estos datos,  por lo que se le facilita la siguiente informaci\u00f3n del tratamiento:<\/span><\/p>\n<p style=\"background: white; font-variant-ligatures: normal; font-variant-caps: normal; orphans: 2; text-align: start; widows: 2; -webkit-text-stroke-width: 0px; text-decoration-style: initial; text-decoration-color: initial; word-spacing: 0px; margin: 0cm 0cm 7.5pt 0cm;\"><strong><br \/>\n  <span style=\"font-family: 'Open Sans', sans-serif;\">Finalidad del tratamiento<\/span><br \/>\n<\/strong><span style=\"font-family: 'Open Sans', sans-serif;\">: mantener una relaci\u00f3n comercial con el Usuario.<\/span><\/p>\n<p style=\"background: white; font-variant-ligatures: normal; font-variant-caps: normal; orphans: 2; text-align: start; widows: 2; -webkit-text-stroke-width: 0px; text-decoration-style: initial; text-decoration-color: initial; word-spacing: 0px; margin: 0cm 0cm 7.5pt 0cm;\"><strong><br \/>\n  <span style=\"font-family: 'Open Sans', sans-serif;\">Las operaciones previstas para realizar el tratamiento son<\/span><br \/>\n<\/strong><span style=\"font-family: 'Open Sans', sans-serif;\">:<\/span><\/p>\n<p style=\"background: white; font-variant-ligatures: normal; font-variant-caps: normal; orphans: 2; text-align: start; widows: 2; -webkit-text-stroke-width: 0px; text-decoration-style: initial; text-decoration-color: initial; word-spacing: 0px; margin: 0cm 0cm 7.5pt 0cm;\"><span style=\"font-family: 'Open Sans', sans-serif;\">Remisi\u00f3n de comunicaciones comerciales publicitarias por email, fax, SMS, MMS, comunidades sociales o cualquier otro medio electr\u00f3nico o f\u00edsico, presente o futuro, que posibilite realizar comunicaciones comerciales. Estas comunicaciones ser\u00e1n realizadas por el RESPONSABLE y relacionadas sobre sus productos y servicios, o de sus colaboradores o proveedores con los que \u00e9ste haya llegado a alg\u00fan acuerdo de promoci\u00f3n. En este caso, los terceros nunca tendr\u00e1n acceso a los datos personales.<\/span><\/p>\n<p style=\"background: white; font-variant-ligatures: normal; font-variant-caps: normal; orphans: 2; text-align: start; widows: 2; -webkit-text-stroke-width: 0px; text-decoration-style: initial; text-decoration-color: initial; word-spacing: 0px; margin: 0cm 0cm 7.5pt 0cm;\"><span style=\"font-family: 'Open Sans', sans-serif;\">\u2013 Realizar an\u00e1lisis digitales.<\/span><\/p>\n<p style=\"background: white; font-variant-ligatures: normal; font-variant-caps: normal; orphans: 2; text-align: start; widows: 2; -webkit-text-stroke-width: 0px; text-decoration-style: initial; text-decoration-color: initial; word-spacing: 0px; margin: 0cm 0cm 7.5pt 0cm;\"><span style=\"font-family: 'Open Sans', sans-serif;\">\u2013 Tramitar encargos de peticiones o cualquier tipo de petici\u00f3n que sea realizada por el usuario a trav\u00e9s de cualquiera de las formas de contacto que se ponen a su disposici\u00f3n.<\/span><\/p>\n<p style=\"background: white; font-variant-ligatures: normal; font-variant-caps: normal; orphans: 2; text-align: start; widows: 2; -webkit-text-stroke-width: 0px; text-decoration-style: initial; text-decoration-color: initial; word-spacing: 0px; margin: 0cm 0cm 7.5pt 0cm;\"><span style=\"font-family: 'Open Sans', sans-serif;\">Remitir el bolet\u00edn electr\u00f3nico.<\/span><\/p>\n<p style=\"background: white; font-variant-ligatures: normal; font-variant-caps: normal; orphans: 2; text-align: start; widows: 2; -webkit-text-stroke-width: 0px; text-decoration-style: initial; text-decoration-color: initial; word-spacing: 0px; margin: 0cm 0cm 7.5pt 0cm;\"><strong><span style=\"font-family: 'Open Sans', sans-serif;\">Criterios de conservaci\u00f3n de los datos<\/span><\/strong><span style=\"font-family: 'Open Sans', sans-serif;\">: se conservar\u00e1n mientras haya un inter\u00e9s mutuo por mantener el fin del tratamiento y cuando ya no sea necesario para tal fin, se suprimir\u00e1n con medidas de seguridad adecuadas para garantizar la seudonimizaci\u00f3n de los datos o la destrucci\u00f3n total de las mismas.<\/span><\/p>\n<p style=\"background: white; font-variant-ligatures: normal; font-variant-caps: normal; orphans: 2; text-align: start; widows: 2; -webkit-text-stroke-width: 0px; text-decoration-style: initial; text-decoration-color: initial; word-spacing: 0px; margin: 0cm 0cm 7.5pt 0cm;\"><strong><br \/>\n  <span style=\"font-family: 'Open Sans', sans-serif;\">Comunicaci\u00f3n de los datos<\/span><br \/>\n<\/strong><span style=\"font-family: 'Open Sans', sans-serif;\">: No se comunicar\u00e1n los datos a terceros, excepto por obligaci\u00f3n legal.<\/span><\/p>\n<p style=\"background: white; font-variant-ligatures: normal; font-variant-caps: normal; orphans: 2; text-align: start; widows: 2; -webkit-text-stroke-width: 0px; text-decoration-style: initial; text-decoration-color: initial; word-spacing: 0px; margin: 0cm 0cm 7.5pt 0cm;\"><strong><br \/>\n  <span style=\"font-family: 'Open Sans', sans-serif;\">Derechos que asisten al Usuario<\/span><br \/>\n<\/strong><span style=\"font-family: 'Open Sans', sans-serif;\">:<\/span><\/p>\n<p style=\"background: white; font-variant-ligatures: normal; font-variant-caps: normal; orphans: 2; text-align: start; widows: 2; -webkit-text-stroke-width: 0px; text-decoration-style: initial; text-decoration-color: initial; word-spacing: 0px; margin: 0cm 0cm 7.5pt 0cm;\"><span style=\"font-family: 'Open Sans', sans-serif;\">\u2013 Derecho a retirar el consentimiento en cualquier momento.<\/span><\/p>\n<p style=\"background: white; font-variant-ligatures: normal; font-variant-caps: normal; orphans: 2; text-align: start; widows: 2; -webkit-text-stroke-width: 0px; text-decoration-style: initial; text-decoration-color: initial; word-spacing: 0px; margin: 0cm 0cm 7.5pt 0cm;\"><span style=\"font-family: 'Open Sans', sans-serif;\">\u2013 Derecho de acceso, rectificaci\u00f3n, portabilidad y supresi\u00f3n de sus datos y de la limitaci\u00f3n u oposici\u00f3n a sutratamiento.<\/span><\/p>\n<p style=\"background: white; font-variant-ligatures: normal; font-variant-caps: normal; orphans: 2; text-align: start; widows: 2; -webkit-text-stroke-width: 0px; text-decoration-style: initial; text-decoration-color: initial; word-spacing: 0px; margin: 0cm 0cm 7.5pt 0cm;\"><span style=\"font-family: 'Open Sans', sans-serif;\">\u2013 Derecho a presentar una reclamaci\u00f3n ante la autoridad de <\/span><span style=\"font-family: 'Open Sans', sans-serif;\">control <\/span><span style=\"font-family: 'Open Sans', sans-serif;\"><br \/>\n  <a style=\"outline: none !important;\" href=\"http:\/\/www.agpd.es\/\"><br \/>\n    <span style=\"text-decoration: none;\">www.agpd.es<\/span><br \/>\n  <\/a><br \/>\n<\/span><span style=\"font-family: 'Open Sans', sans-serif;\"> si co<\/span><span style=\"font-family: 'Open Sans', sans-serif;\">nsidera que el tratamiento no se ajusta a la normativa vigente.<\/span><\/p>\n<p style=\"background: white; font-variant-ligatures: normal; font-variant-caps: normal; orphans: 2; text-align: start; widows: 2; -webkit-text-stroke-width: 0px; text-decoration-style: initial; text-decoration-color: initial; word-spacing: 0px; margin: 0cm 0cm 7.5pt 0cm;\"><strong><br \/>\n  <span style=\"font-family: 'Open Sans', sans-serif;\">Datos de contacto para ejercer sus derechos<\/span><br \/>\n<\/strong><span style=\"font-family: 'Open Sans', sans-serif;\">:<\/span><\/p>\n<p style=\"background: white; font-variant-ligatures: normal; font-variant-caps: normal; orphans: 2; text-align: start; widows: 2; -webkit-text-stroke-width: 0px; text-decoration-style: initial; text-decoration-color: initial; word-spacing: 0px; margin: 0cm 0cm 7.5pt 0cm;\"><span style=\"font-family: 'Open Sans', sans-serif;\">Direcci\u00f3n postal: CLAUTIC S.L. AV. RAMBLA CATALUNYA 2 LOCALES 1 Y 5 08397 PINEDA DE MAR (BARCELONA).<\/span><\/p>\n<p style=\"background: white; font-variant-ligatures: normal; font-variant-caps: normal; orphans: 2; text-align: start; widows: 2; -webkit-text-stroke-width: 0px; text-decoration-style: initial; text-decoration-color: initial; word-spacing: 0px; margin: 0cm 0cm 7.5pt 0cm;\"><span style=\"font-family: 'Open Sans', sans-serif;\">Direcci\u00f3n electr\u00f3nica: info@clautic.com<\/span><\/p>\n<\/p>\n<h3 style=\"background: white; font-variant-ligatures: normal; font-variant-caps: normal; orphans: 2; text-align: start; widows: 2; -webkit-text-stroke-width: 0px; text-decoration-style: initial; text-decoration-color: initial; word-spacing: 0px; margin: 0cm 0cm 7.5pt 0cm;\"><strong><span style=\"font-family: 'Open Sans', sans-serif;\">2. CAR\u00c1CTER OBLIGATORIO O FACULTATIVO DE LA INFORMACI\u00d3N FACILITADA POR EL USUARIO<\/span><\/strong><\/h3>\n<p style=\"background: white; font-variant-ligatures: normal; font-variant-caps: normal; orphans: 2; text-align: start; widows: 2; -webkit-text-stroke-width: 0px; text-decoration-style: initial; text-decoration-color: initial; word-spacing: 0px; margin: 0cm 0cm 7.5pt 0cm;\"><span style=\"font-family: 'Open Sans', sans-serif;\">Los Usuarios, mediante la marcaci\u00f3n de las casillas correspondientes y entrada de datos en los campos, marcados con un estadrillo (*) en el formulario de contacto o presentados en formularios de descarga, aceptan expresamente y de forma libre e inequ\u00edvoca, que sus datos son necesarios para atender su petici\u00f3n, por parte del prestador, siendo voluntaria la inclusi\u00f3n de datos en los campos restantes. El Usuario garantiza que los datos personales facilitados al RESPONSABLE son veraces y se hace responsable de comunicar cualquier modificaci\u00f3n de las mismas.<\/span><\/p>\n<p style=\"background: white; font-variant-ligatures: normal; font-variant-caps: normal; orphans: 2; text-align: start; widows: 2; -webkit-text-stroke-width: 0px; text-decoration-style: initial; text-decoration-color: initial; word-spacing: 0px; margin: 0cm 0cm 7.5pt 0cm;\"><span style=\"font-family: 'Open Sans', sans-serif;\">El RESPONSABLE informa y garantiza expresamente a los usuarios que sus datos personales no ser\u00e1n cedidos en ning\u00fan caso a terceros, y que siempre que realizara alg\u00fan tipo de cesi\u00f3n de datos personales, se pedir\u00e1 previamente el consentimiento expreso, informado e inequ\u00edvoco por parte de los Usuarios. Todos los datos solicitados a trav\u00e9s del sitio web son obligatorios, ya que son necesarios para la prestaci\u00f3n de un servicio \u00f3ptimo al usuario. En caso de que no sean facilitados todos los datos, no se garantiza que la informaci\u00f3n y servicios facilitados sean completamente ajustados a sus necesidades.<\/span><\/p>\n<\/p>\n<h3 style=\"background: white; font-variant-ligatures: normal; font-variant-caps: normal; orphans: 2; text-align: start; widows: 2; -webkit-text-stroke-width: 0px; text-decoration-style: initial; text-decoration-color: initial; word-spacing: 0px; margin: 0cm 0cm 7.5pt 0cm;\"><strong><span style=\"font-family: 'Open Sans', sans-serif;\">3. MEDIDAS DE SEGURIDAD<\/span><\/strong><\/h3>\n<p style=\"background: white; font-variant-ligatures: normal; font-variant-caps: normal; orphans: 2; text-align: start; widows: 2; -webkit-text-stroke-width: 0px; text-decoration-style: initial; text-decoration-color: initial; word-spacing: 0px; margin: 0cm 0cm 7.5pt 0cm;\"><span style=\"font-family: 'Open Sans', sans-serif;\">Que de conformidad con lo dispuesto en las normativas vigentes en protecci\u00f3n de datos personales, el RESPONSABLE est\u00e1 cumpliendo con todas las disposiciones de las normativas GDPR para el tratamiento de los datos personales de su responsabilidad, y manifiestamente con los principios descritos en el art\u00edculo 5 del GDPR, por los que son tratados de manera l\u00edcita,  leal y transparente en relaci\u00f3n con el interesado y adecuadas, pertinentes y limitados a lo necesario en relaci\u00f3n con los fines para los que son tratados. El RESPONSABLE garantiza que ha implementado pol\u00edticas t\u00e9cnicas y organizativas apropiadas para aplicar las medidas de seguridad que establecen el GDPR con el fin de proteger los derechos y libertades de los Usuarios y les ha comunicado la informaci\u00f3n adecuada para que puedan ejercerlos.<\/span><\/p>\n\t\t\t\t\t\t\t\t<\/div>\n\t\t\t\t<\/div>\n\t\t\t\t\t<\/div>\n\t\t<\/div>\n\t\t\t\t\t<\/div>\n\t\t<\/section>\n\t\t\t\t<\/div>\n\t\t","protected":false},"excerpt":{"rendered":"<p>1. INFORMACI\u00d3N AL USUARIO CLAUTIC S.L., desde ahora RESPONSABLE, es el Responsable del tratamiento de los datos personales del Usuario y le informa que estos datos ser\u00e1n tratados de conformidad con lo dispuesto en el Reglamento (UE) 2016\/679 de 27 de abril de 2016 (GDPR) relativo a la protecci\u00f3n de las personas f\u00edsicas en cuanto [&hellip;]<\/p>\n","protected":false},"author":2,"featured_media":0,"parent":0,"menu_order":0,"comment_status":"closed","ping_status":"closed","template":"","meta":{"_angie_page":false,"footnotes":""},"class_list":["post-23317","page","type-page","status-publish","hentry"],"yoast_head":"<!-- This site is optimized with the Yoast SEO plugin v27.3 - https:\/\/yoast.com\/product\/yoast-seo-wordpress\/ -->\n<title>Pol\u00edtica de Privacidad &#8226; ClauTIC<\/title>\n<meta name=\"description\" content=\"En ClauTIC, la privacidad y seguridad de tus datos personales son nuestra prioridad.\" \/>\n<meta name=\"robots\" content=\"noindex, nofollow\" \/>\n<meta property=\"og:locale\" content=\"es_ES\" \/>\n<meta property=\"og:type\" content=\"article\" \/>\n<meta property=\"og:title\" content=\"Pol\u00edtica de Privacidad &#8226; ClauTIC\" \/>\n<meta property=\"og:description\" content=\"En ClauTIC, la privacidad y seguridad de tus datos personales son nuestra prioridad.\" \/>\n<meta property=\"og:url\" content=\"https:\/\/clautic.com\/es\/politica-de-privacidad\/\" \/>\n<meta property=\"og:site_name\" content=\"ClauTIC\" \/>\n<meta property=\"article:publisher\" content=\"https:\/\/www.facebook.com\/clautic\" \/>\n<meta property=\"article:modified_time\" content=\"2024-02-29T12:15:09+00:00\" \/>\n<meta property=\"og:image\" content=\"https:\/\/clautic.com\/wp-content\/uploads\/image-header-9.jpg\" \/>\n\t<meta property=\"og:image:width\" content=\"1200\" \/>\n\t<meta property=\"og:image:height\" content=\"1200\" \/>\n\t<meta property=\"og:image:type\" content=\"image\/jpeg\" \/>\n<meta name=\"twitter:card\" content=\"summary_large_image\" \/>\n<meta name=\"twitter:site\" content=\"@clauticcamp\" \/>\n<meta name=\"twitter:label1\" content=\"Tiempo de lectura\" \/>\n\t<meta name=\"twitter:data1\" content=\"4 minutos\" \/>\n<script type=\"application\/ld+json\" class=\"yoast-schema-graph\">{\"@context\":\"https:\\\/\\\/schema.org\",\"@graph\":[{\"@type\":\"WebPage\",\"@id\":\"https:\\\/\\\/clautic.com\\\/es\\\/politica-de-privacidad\\\/\",\"url\":\"https:\\\/\\\/clautic.com\\\/es\\\/politica-de-privacidad\\\/\",\"name\":\"Pol\u00edtica de Privacidad &#8226; ClauTIC\",\"isPartOf\":{\"@id\":\"https:\\\/\\\/clautic.com\\\/es\\\/#website\"},\"datePublished\":\"2018-05-25T19:20:13+00:00\",\"dateModified\":\"2024-02-29T12:15:09+00:00\",\"description\":\"En ClauTIC, la privacidad y seguridad de tus datos personales son nuestra prioridad.\",\"breadcrumb\":{\"@id\":\"https:\\\/\\\/clautic.com\\\/es\\\/politica-de-privacidad\\\/#breadcrumb\"},\"inLanguage\":\"es\",\"potentialAction\":[{\"@type\":\"ReadAction\",\"target\":[\"https:\\\/\\\/clautic.com\\\/es\\\/politica-de-privacidad\\\/\"]}]},{\"@type\":\"BreadcrumbList\",\"@id\":\"https:\\\/\\\/clautic.com\\\/es\\\/politica-de-privacidad\\\/#breadcrumb\",\"itemListElement\":[{\"@type\":\"ListItem\",\"position\":1,\"name\":\"Inici\",\"item\":\"https:\\\/\\\/clautic.com\\\/es\\\/\"},{\"@type\":\"ListItem\",\"position\":2,\"name\":\"Pol\u00edtica de Privacidad\"}]},{\"@type\":\"WebSite\",\"@id\":\"https:\\\/\\\/clautic.com\\\/es\\\/#website\",\"url\":\"https:\\\/\\\/clautic.com\\\/es\\\/\",\"name\":\"ClauTIC\",\"description\":\"Programaci\u00f3, rob\u00f2tica i videojocs com a eines educatives\",\"publisher\":{\"@id\":\"https:\\\/\\\/clautic.com\\\/es\\\/#organization\"},\"alternateName\":\"ClauTIC\",\"potentialAction\":[{\"@type\":\"SearchAction\",\"target\":{\"@type\":\"EntryPoint\",\"urlTemplate\":\"https:\\\/\\\/clautic.com\\\/es\\\/?s={search_term_string}\"},\"query-input\":{\"@type\":\"PropertyValueSpecification\",\"valueRequired\":true,\"valueName\":\"search_term_string\"}}],\"inLanguage\":\"es\"},{\"@type\":\"Organization\",\"@id\":\"https:\\\/\\\/clautic.com\\\/es\\\/#organization\",\"name\":\"ClauTIC\",\"alternateName\":\"ClauTIC\",\"url\":\"https:\\\/\\\/clautic.com\\\/es\\\/\",\"logo\":{\"@type\":\"ImageObject\",\"inLanguage\":\"es\",\"@id\":\"https:\\\/\\\/clautic.com\\\/es\\\/#\\\/schema\\\/logo\\\/image\\\/\",\"url\":\"https:\\\/\\\/clautic.com\\\/wp-content\\\/uploads\\\/cropped-clauTic-logo.png\",\"contentUrl\":\"https:\\\/\\\/clautic.com\\\/wp-content\\\/uploads\\\/cropped-clauTic-logo.png\",\"width\":2318,\"height\":565,\"caption\":\"ClauTIC\"},\"image\":{\"@id\":\"https:\\\/\\\/clautic.com\\\/es\\\/#\\\/schema\\\/logo\\\/image\\\/\"},\"sameAs\":[\"https:\\\/\\\/www.facebook.com\\\/clautic\",\"https:\\\/\\\/x.com\\\/clauticcamp\",\"https:\\\/\\\/www.instagram.com\\\/clautic\\\/\",\"https:\\\/\\\/es.linkedin.com\\\/company\\\/clautic\"]}]}<\/script>\n<!-- \/ Yoast SEO plugin. -->","yoast_head_json":{"title":"Pol\u00edtica de Privacidad &#8226; ClauTIC","description":"En ClauTIC, la privacidad y seguridad de tus datos personales son nuestra prioridad.","robots":{"index":"noindex","follow":"nofollow"},"og_locale":"es_ES","og_type":"article","og_title":"Pol\u00edtica de Privacidad &#8226; ClauTIC","og_description":"En ClauTIC, la privacidad y seguridad de tus datos personales son nuestra prioridad.","og_url":"https:\/\/clautic.com\/es\/politica-de-privacidad\/","og_site_name":"ClauTIC","article_publisher":"https:\/\/www.facebook.com\/clautic","article_modified_time":"2024-02-29T12:15:09+00:00","og_image":[{"width":1200,"height":1200,"url":"https:\/\/clautic.com\/wp-content\/uploads\/image-header-9.jpg","type":"image\/jpeg"}],"twitter_card":"summary_large_image","twitter_site":"@clauticcamp","twitter_misc":{"Tiempo de lectura":"4 minutos"},"schema":{"@context":"https:\/\/schema.org","@graph":[{"@type":"WebPage","@id":"https:\/\/clautic.com\/es\/politica-de-privacidad\/","url":"https:\/\/clautic.com\/es\/politica-de-privacidad\/","name":"Pol\u00edtica de Privacidad &#8226; ClauTIC","isPartOf":{"@id":"https:\/\/clautic.com\/es\/#website"},"datePublished":"2018-05-25T19:20:13+00:00","dateModified":"2024-02-29T12:15:09+00:00","description":"En ClauTIC, la privacidad y seguridad de tus datos personales son nuestra prioridad.","breadcrumb":{"@id":"https:\/\/clautic.com\/es\/politica-de-privacidad\/#breadcrumb"},"inLanguage":"es","potentialAction":[{"@type":"ReadAction","target":["https:\/\/clautic.com\/es\/politica-de-privacidad\/"]}]},{"@type":"BreadcrumbList","@id":"https:\/\/clautic.com\/es\/politica-de-privacidad\/#breadcrumb","itemListElement":[{"@type":"ListItem","position":1,"name":"Inici","item":"https:\/\/clautic.com\/es\/"},{"@type":"ListItem","position":2,"name":"Pol\u00edtica de Privacidad"}]},{"@type":"WebSite","@id":"https:\/\/clautic.com\/es\/#website","url":"https:\/\/clautic.com\/es\/","name":"ClauTIC","description":"Programaci\u00f3, rob\u00f2tica i videojocs com a eines educatives","publisher":{"@id":"https:\/\/clautic.com\/es\/#organization"},"alternateName":"ClauTIC","potentialAction":[{"@type":"SearchAction","target":{"@type":"EntryPoint","urlTemplate":"https:\/\/clautic.com\/es\/?s={search_term_string}"},"query-input":{"@type":"PropertyValueSpecification","valueRequired":true,"valueName":"search_term_string"}}],"inLanguage":"es"},{"@type":"Organization","@id":"https:\/\/clautic.com\/es\/#organization","name":"ClauTIC","alternateName":"ClauTIC","url":"https:\/\/clautic.com\/es\/","logo":{"@type":"ImageObject","inLanguage":"es","@id":"https:\/\/clautic.com\/es\/#\/schema\/logo\/image\/","url":"https:\/\/clautic.com\/wp-content\/uploads\/cropped-clauTic-logo.png","contentUrl":"https:\/\/clautic.com\/wp-content\/uploads\/cropped-clauTic-logo.png","width":2318,"height":565,"caption":"ClauTIC"},"image":{"@id":"https:\/\/clautic.com\/es\/#\/schema\/logo\/image\/"},"sameAs":["https:\/\/www.facebook.com\/clautic","https:\/\/x.com\/clauticcamp","https:\/\/www.instagram.com\/clautic\/","https:\/\/es.linkedin.com\/company\/clautic"]}]}},"_links":{"self":[{"href":"https:\/\/clautic.com\/es\/wp-json\/wp\/v2\/pages\/23317","targetHints":{"allow":["GET"]}}],"collection":[{"href":"https:\/\/clautic.com\/es\/wp-json\/wp\/v2\/pages"}],"about":[{"href":"https:\/\/clautic.com\/es\/wp-json\/wp\/v2\/types\/page"}],"author":[{"embeddable":true,"href":"https:\/\/clautic.com\/es\/wp-json\/wp\/v2\/users\/2"}],"replies":[{"embeddable":true,"href":"https:\/\/clautic.com\/es\/wp-json\/wp\/v2\/comments?post=23317"}],"version-history":[{"count":0,"href":"https:\/\/clautic.com\/es\/wp-json\/wp\/v2\/pages\/23317\/revisions"}],"wp:attachment":[{"href":"https:\/\/clautic.com\/es\/wp-json\/wp\/v2\/media?parent=23317"}],"curies":[{"name":"wp","href":"https:\/\/api.w.org\/{rel}","templated":true}]}}