{"id":23313,"date":"2023-06-16T12:15:34","date_gmt":"2023-06-16T10:15:34","guid":{"rendered":"https:\/\/clautic.com\/blogs-alumnos\/"},"modified":"2024-05-07T13:56:37","modified_gmt":"2024-05-07T11:56:37","slug":"blogs-alumnos","status":"publish","type":"page","link":"https:\/\/clautic.com\/es\/blogs-alumnos\/","title":{"rendered":"Blogs Alumnos"},"content":{"rendered":"\t\t<div data-elementor-type=\"wp-page\" data-elementor-id=\"23313\" class=\"elementor elementor-23313 elementor-19661\" data-elementor-post-type=\"page\">\n\t\t\t\t\t\t<section class=\"elementor-section elementor-top-section elementor-element elementor-element-8a18e5e elementor-section-height-min-height elementor-section-boxed elementor-section-height-default elementor-section-items-middle\" data-id=\"8a18e5e\" data-element_type=\"section\" data-e-type=\"section\" data-settings=\"{&quot;jet_parallax_layout_list&quot;:[],&quot;shape_divider_bottom&quot;:&quot;tilt&quot;}\">\n\t\t\t\t\t<div class=\"elementor-shape elementor-shape-bottom\" aria-hidden=\"true\" data-negative=\"false\">\n\t\t\t<svg xmlns=\"http:\/\/www.w3.org\/2000\/svg\" viewBox=\"0 0 1000 100\" preserveAspectRatio=\"none\">\n\t<path class=\"elementor-shape-fill\" d=\"M0,6V0h1000v100L0,6z\"\/>\n<\/svg>\t\t<\/div>\n\t\t\t\t\t<div class=\"elementor-container elementor-column-gap-default\">\n\t\t\t\t\t<div class=\"elementor-column elementor-col-50 elementor-top-column elementor-element elementor-element-331733f\" data-id=\"331733f\" data-element_type=\"column\" data-e-type=\"column\">\n\t\t\t<div class=\"elementor-widget-wrap elementor-element-populated\">\n\t\t\t\t\t\t<div class=\"elementor-element elementor-element-1786bb5 elementor-widget elementor-widget-heading\" data-id=\"1786bb5\" data-element_type=\"widget\" data-e-type=\"widget\" data-widget_type=\"heading.default\">\n\t\t\t\t<div class=\"elementor-widget-container\">\n\t\t\t\t\t<h1 class=\"elementor-heading-title elementor-size-default\">Blogs Alumnos<\/h1>\t\t\t\t<\/div>\n\t\t\t\t<\/div>\n\t\t\t\t<div class=\"elementor-element elementor-element-0fa1dd3 elementor-widget elementor-widget-text-editor\" data-id=\"0fa1dd3\" data-element_type=\"widget\" data-e-type=\"widget\" data-widget_type=\"text-editor.default\">\n\t\t\t\t<div class=\"elementor-widget-container\">\n\t\t\t\t\t\t\t\t\t<p>Los alumnos de ClauTIC elaboran un blog donde publican el proceso seguido por algunos proyectos de rob\u00f3tica.<\/p>\n<p><strong>\u00a1No dude en echarle un vistazo!<\/strong><\/p>\t\t\t\t\t\t\t\t<\/div>\n\t\t\t\t<\/div>\n\t\t\t\t\t<\/div>\n\t\t<\/div>\n\t\t\t\t<div class=\"elementor-column elementor-col-50 elementor-top-column elementor-element elementor-element-734a4ff\" data-id=\"734a4ff\" data-element_type=\"column\" data-e-type=\"column\">\n\t\t\t<div class=\"elementor-widget-wrap elementor-element-populated\">\n\t\t\t\t\t\t<div class=\"elementor-element elementor-element-8ad735e elementor-invisible elementor-widget elementor-widget-image\" data-id=\"8ad735e\" data-element_type=\"widget\" data-e-type=\"widget\" data-settings=\"{&quot;_animation&quot;:&quot;zoomIn&quot;}\" data-widget_type=\"image.default\">\n\t\t\t\t<div class=\"elementor-widget-container\">\n\t\t\t\t\t\t\t\t\t\t\t\t\t\t\t<img fetchpriority=\"high\" decoding=\"async\" width=\"800\" height=\"800\" src=\"https:\/\/clautic.com\/wp-content\/uploads\/image-header-3-1024x1024.jpg\" class=\"attachment-large size-large wp-image-23143\" alt=\"\" srcset=\"https:\/\/clautic.com\/wp-content\/uploads\/image-header-3-1024x1024.jpg 1024w, https:\/\/clautic.com\/wp-content\/uploads\/image-header-3-300x300.jpg 300w, https:\/\/clautic.com\/wp-content\/uploads\/image-header-3-150x150.jpg 150w, https:\/\/clautic.com\/wp-content\/uploads\/image-header-3-768x768.jpg 768w, https:\/\/clautic.com\/wp-content\/uploads\/image-header-3-600x600.jpg 600w, https:\/\/clautic.com\/wp-content\/uploads\/image-header-3-100x100.jpg 100w, https:\/\/clautic.com\/wp-content\/uploads\/image-header-3.jpg 1200w\" sizes=\"(max-width: 800px) 100vw, 800px\" \/>\t\t\t\t\t\t\t\t\t\t\t\t\t\t\t<\/div>\n\t\t\t\t<\/div>\n\t\t\t\t\t<\/div>\n\t\t<\/div>\n\t\t\t\t\t<\/div>\n\t\t<\/section>\n\t\t\t\t<section class=\"elementor-section elementor-top-section elementor-element elementor-element-e0f4747 elementor-section-boxed elementor-section-height-default elementor-section-height-default\" data-id=\"e0f4747\" data-element_type=\"section\" data-e-type=\"section\" data-settings=\"{&quot;jet_parallax_layout_list&quot;:[]}\">\n\t\t\t\t\t\t<div class=\"elementor-container elementor-column-gap-default\">\n\t\t\t\t\t<div class=\"elementor-column elementor-col-100 elementor-top-column elementor-element elementor-element-5619867\" data-id=\"5619867\" data-element_type=\"column\" data-e-type=\"column\">\n\t\t\t<div class=\"elementor-widget-wrap elementor-element-populated\">\n\t\t\t\t\t\t<div class=\"elementor-element elementor-element-82076c3 elementor-widget elementor-widget-heading\" data-id=\"82076c3\" data-element_type=\"widget\" data-e-type=\"widget\" data-widget_type=\"heading.default\">\n\t\t\t\t<div class=\"elementor-widget-container\">\n\t\t\t\t\t<h3 class=\"elementor-heading-title elementor-size-default\">ROB\u00d3TICA<\/h3>\t\t\t\t<\/div>\n\t\t\t\t<\/div>\n\t\t\t\t<div class=\"elementor-element elementor-element-199b169 elementor-widget elementor-widget-heading\" data-id=\"199b169\" data-element_type=\"widget\" data-e-type=\"widget\" data-widget_type=\"heading.default\">\n\t\t\t\t<div class=\"elementor-widget-container\">\n\t\t\t\t\t<h2 class=\"elementor-heading-title elementor-size-default\">Blogs Curso 23\/24<\/h2>\t\t\t\t<\/div>\n\t\t\t\t<\/div>\n\t\t\t\t<div class=\"elementor-element elementor-element-88bbc12 elementor-widget elementor-widget-heading\" data-id=\"88bbc12\" data-element_type=\"widget\" data-e-type=\"widget\" data-widget_type=\"heading.default\">\n\t\t\t\t<div class=\"elementor-widget-container\">\n\t\t\t\t\t<h4 class=\"elementor-heading-title elementor-size-default\">R2<\/h4>\t\t\t\t<\/div>\n\t\t\t\t<\/div>\n\t\t\t\t<div class=\"elementor-element elementor-element-acb6c47 elementor-icon-list--layout-traditional elementor-list-item-link-full_width elementor-widget elementor-widget-icon-list\" data-id=\"acb6c47\" data-element_type=\"widget\" data-e-type=\"widget\" data-widget_type=\"icon-list.default\">\n\t\t\t\t<div class=\"elementor-widget-container\">\n\t\t\t\t\t\t\t<ul class=\"elementor-icon-list-items\">\n\t\t\t\t\t\t\t<li class=\"elementor-icon-list-item\">\n\t\t\t\t\t\t\t\t\t\t\t<a href=\"https:\/\/elsguanyadorsclautic.wordpress.com\/\" target=\"_blank\">\n\n\t\t\t\t\t\t\t\t\t\t\t\t<span class=\"elementor-icon-list-icon\">\n\t\t\t\t\t\t\t<i aria-hidden=\"true\" class=\"fas fa-pen-nib\"><\/i>\t\t\t\t\t\t<\/span>\n\t\t\t\t\t\t\t\t\t\t<span class=\"elementor-icon-list-text\">LOS GUANAYDORES<\/span>\n\t\t\t\t\t\t\t\t\t\t\t<\/a>\n\t\t\t\t\t\t\t\t\t<\/li>\n\t\t\t\t\t\t\t\t<li class=\"elementor-icon-list-item\">\n\t\t\t\t\t\t\t\t\t\t\t<a href=\"https:\/\/elsroboticsclautic.wordpress.com\/\" target=\"_blank\">\n\n\t\t\t\t\t\t\t\t\t\t\t\t<span class=\"elementor-icon-list-icon\">\n\t\t\t\t\t\t\t<i aria-hidden=\"true\" class=\"fas fa-pen-nib\"><\/i>\t\t\t\t\t\t<\/span>\n\t\t\t\t\t\t\t\t\t\t<span class=\"elementor-icon-list-text\">ELS ROBOTICS GAMERS<\/span>\n\t\t\t\t\t\t\t\t\t\t\t<\/a>\n\t\t\t\t\t\t\t\t\t<\/li>\n\t\t\t\t\t\t\t\t<li class=\"elementor-icon-list-item\">\n\t\t\t\t\t\t\t\t\t\t\t<a href=\"https:\/\/losrobertosclautic.wordpress.com\/blog\/\" target=\"_blank\">\n\n\t\t\t\t\t\t\t\t\t\t\t\t<span class=\"elementor-icon-list-icon\">\n\t\t\t\t\t\t\t<i aria-hidden=\"true\" class=\"fas fa-pen-nib\"><\/i>\t\t\t\t\t\t<\/span>\n\t\t\t\t\t\t\t\t\t\t<span class=\"elementor-icon-list-text\">ROBERTOS<\/span>\n\t\t\t\t\t\t\t\t\t\t\t<\/a>\n\t\t\t\t\t\t\t\t\t<\/li>\n\t\t\t\t\t\t\t\t<li class=\"elementor-icon-list-item\">\n\t\t\t\t\t\t\t\t\t\t\t<a href=\"https:\/\/elsgamersclautic.wordpress.com\/\">\n\n\t\t\t\t\t\t\t\t\t\t\t\t<span class=\"elementor-icon-list-icon\">\n\t\t\t\t\t\t\t<i aria-hidden=\"true\" class=\"fas fa-check\"><\/i>\t\t\t\t\t\t<\/span>\n\t\t\t\t\t\t\t\t\t\t<span class=\"elementor-icon-list-text\">LOS GAMERS (hasta reto 3)<\/span>\n\t\t\t\t\t\t\t\t\t\t\t<\/a>\n\t\t\t\t\t\t\t\t\t<\/li>\n\t\t\t\t\t\t\t\t<li class=\"elementor-icon-list-item\">\n\t\t\t\t\t\t\t\t\t\t\t<a href=\"https:\/\/64bits.art.blog\/BLOG\/\">\n\n\t\t\t\t\t\t\t\t\t\t\t\t<span class=\"elementor-icon-list-icon\">\n\t\t\t\t\t\t\t<i aria-hidden=\"true\" class=\"fas fa-check\"><\/i>\t\t\t\t\t\t<\/span>\n\t\t\t\t\t\t\t\t\t\t<span class=\"elementor-icon-list-text\">64 BITS<\/span>\n\t\t\t\t\t\t\t\t\t\t\t<\/a>\n\t\t\t\t\t\t\t\t\t<\/li>\n\t\t\t\t\t\t\t\t<li class=\"elementor-icon-list-item\">\n\t\t\t\t\t\t\t\t\t\t\t<a href=\"https:\/\/32bitsclautic.wordpress.com\/\">\n\n\t\t\t\t\t\t\t\t\t\t\t\t<span class=\"elementor-icon-list-icon\">\n\t\t\t\t\t\t\t<i aria-hidden=\"true\" class=\"fas fa-check\"><\/i>\t\t\t\t\t\t<\/span>\n\t\t\t\t\t\t\t\t\t\t<span class=\"elementor-icon-list-text\">32 BITS<\/span>\n\t\t\t\t\t\t\t\t\t\t\t<\/a>\n\t\t\t\t\t\t\t\t\t<\/li>\n\t\t\t\t\t\t<\/ul>\n\t\t\t\t\t\t<\/div>\n\t\t\t\t<\/div>\n\t\t\t\t<div class=\"elementor-element elementor-element-f705fba elementor-widget elementor-widget-heading\" data-id=\"f705fba\" data-element_type=\"widget\" data-e-type=\"widget\" data-widget_type=\"heading.default\">\n\t\t\t\t<div class=\"elementor-widget-container\">\n\t\t\t\t\t<h4 class=\"elementor-heading-title elementor-size-default\">R3<\/h4>\t\t\t\t<\/div>\n\t\t\t\t<\/div>\n\t\t\t\t<div class=\"elementor-element elementor-element-02c094b elementor-icon-list--layout-traditional elementor-list-item-link-full_width elementor-widget elementor-widget-icon-list\" data-id=\"02c094b\" data-element_type=\"widget\" data-e-type=\"widget\" data-widget_type=\"icon-list.default\">\n\t\t\t\t<div class=\"elementor-widget-container\">\n\t\t\t\t\t\t\t<ul class=\"elementor-icon-list-items\">\n\t\t\t\t\t\t\t<li class=\"elementor-icon-list-item\">\n\t\t\t\t\t\t\t\t\t\t\t<a href=\"https:\/\/lesrayesclautic.wordpress.com\/blog\/\" target=\"_blank\">\n\n\t\t\t\t\t\t\t\t\t\t\t\t<span class=\"elementor-icon-list-icon\">\n\t\t\t\t\t\t\t<i aria-hidden=\"true\" class=\"fas fa-pen-nib\"><\/i>\t\t\t\t\t\t<\/span>\n\t\t\t\t\t\t\t\t\t\t<span class=\"elementor-icon-list-text\">LES RAYES<\/span>\n\t\t\t\t\t\t\t\t\t\t\t<\/a>\n\t\t\t\t\t\t\t\t\t<\/li>\n\t\t\t\t\t\t\t\t<li class=\"elementor-icon-list-item\">\n\t\t\t\t\t\t\t\t\t\t\t<a href=\"https:\/\/tenimnomclautic.wordpress.com\/blog\/\" target=\"_blank\">\n\n\t\t\t\t\t\t\t\t\t\t\t\t<span class=\"elementor-icon-list-icon\">\n\t\t\t\t\t\t\t<i aria-hidden=\"true\" class=\"fas fa-pen-nib\"><\/i>\t\t\t\t\t\t<\/span>\n\t\t\t\t\t\t\t\t\t\t<span class=\"elementor-icon-list-text\">LES TENEMOS NOMBRE<\/span>\n\t\t\t\t\t\t\t\t\t\t\t<\/a>\n\t\t\t\t\t\t\t\t\t<\/li>\n\t\t\t\t\t\t\t\t<li class=\"elementor-icon-list-item\">\n\t\t\t\t\t\t\t\t\t\t\t<a href=\"https:\/\/elsclickisclautic.wordpress.com\/\">\n\n\t\t\t\t\t\t\t\t\t\t\t\t<span class=\"elementor-icon-list-icon\">\n\t\t\t\t\t\t\t<i aria-hidden=\"true\" class=\"fas fa-check\"><\/i>\t\t\t\t\t\t<\/span>\n\t\t\t\t\t\t\t\t\t\t<span class=\"elementor-icon-list-text\">ELS CLIKIS<\/span>\n\t\t\t\t\t\t\t\t\t\t\t<\/a>\n\t\t\t\t\t\t\t\t\t<\/li>\n\t\t\t\t\t\t<\/ul>\n\t\t\t\t\t\t<\/div>\n\t\t\t\t<\/div>\n\t\t\t\t<div class=\"elementor-element elementor-element-b2c8108 elementor-widget elementor-widget-heading\" data-id=\"b2c8108\" data-element_type=\"widget\" data-e-type=\"widget\" data-widget_type=\"heading.default\">\n\t\t\t\t<div class=\"elementor-widget-container\">\n\t\t\t\t\t<h4 class=\"elementor-heading-title elementor-size-default\">R4<\/h4>\t\t\t\t<\/div>\n\t\t\t\t<\/div>\n\t\t\t\t<div class=\"elementor-element elementor-element-cf7ad8f elementor-icon-list--layout-traditional elementor-list-item-link-full_width elementor-widget elementor-widget-icon-list\" data-id=\"cf7ad8f\" data-element_type=\"widget\" data-e-type=\"widget\" data-widget_type=\"icon-list.default\">\n\t\t\t\t<div class=\"elementor-widget-container\">\n\t\t\t\t\t\t\t<ul class=\"elementor-icon-list-items\">\n\t\t\t\t\t\t\t<li class=\"elementor-icon-list-item\">\n\t\t\t\t\t\t\t\t\t\t\t<a href=\"https:\/\/losganchitosclautic.wordpress.com\/\" target=\"_blank\">\n\n\t\t\t\t\t\t\t\t\t\t\t\t<span class=\"elementor-icon-list-icon\">\n\t\t\t\t\t\t\t<i aria-hidden=\"true\" class=\"fas fa-pen-nib\"><\/i>\t\t\t\t\t\t<\/span>\n\t\t\t\t\t\t\t\t\t\t<span class=\"elementor-icon-list-text\">GANCHITOS<\/span>\n\t\t\t\t\t\t\t\t\t\t\t<\/a>\n\t\t\t\t\t\t\t\t\t<\/li>\n\t\t\t\t\t\t\t\t<li class=\"elementor-icon-list-item\">\n\t\t\t\t\t\t\t\t\t\t\t<a href=\"https:\/\/elsfantasmesclautic.wordpress.com\/\" target=\"_blank\">\n\n\t\t\t\t\t\t\t\t\t\t\t\t<span class=\"elementor-icon-list-icon\">\n\t\t\t\t\t\t\t<i aria-hidden=\"true\" class=\"fas fa-pen-nib\"><\/i>\t\t\t\t\t\t<\/span>\n\t\t\t\t\t\t\t\t\t\t<span class=\"elementor-icon-list-text\">LOS FANTASMAS<\/span>\n\t\t\t\t\t\t\t\t\t\t\t<\/a>\n\t\t\t\t\t\t\t\t\t<\/li>\n\t\t\t\t\t\t<\/ul>\n\t\t\t\t\t\t<\/div>\n\t\t\t\t<\/div>\n\t\t\t\t<div class=\"elementor-element elementor-element-3d07ca8 elementor-widget elementor-widget-heading\" data-id=\"3d07ca8\" data-element_type=\"widget\" data-e-type=\"widget\" data-widget_type=\"heading.default\">\n\t\t\t\t<div class=\"elementor-widget-container\">\n\t\t\t\t\t<h4 class=\"elementor-heading-title elementor-size-default\">R5<\/h4>\t\t\t\t<\/div>\n\t\t\t\t<\/div>\n\t\t\t\t<div class=\"elementor-element elementor-element-4ae8397 elementor-icon-list--layout-traditional elementor-list-item-link-full_width elementor-widget elementor-widget-icon-list\" data-id=\"4ae8397\" data-element_type=\"widget\" data-e-type=\"widget\" data-widget_type=\"icon-list.default\">\n\t\t\t\t<div class=\"elementor-widget-container\">\n\t\t\t\t\t\t\t<ul class=\"elementor-icon-list-items\">\n\t\t\t\t\t\t\t<li class=\"elementor-icon-list-item\">\n\t\t\t\t\t\t\t\t\t\t\t<a href=\"https:\/\/tomareresclautic.wordpress.com\/\" target=\"_blank\">\n\n\t\t\t\t\t\t\t\t\t\t\t\t<span class=\"elementor-icon-list-icon\">\n\t\t\t\t\t\t\t<i aria-hidden=\"true\" class=\"fas fa-pen-nib\"><\/i>\t\t\t\t\t\t<\/span>\n\t\t\t\t\t\t\t\t\t\t<span class=\"elementor-icon-list-text\">TOMARERES<\/span>\n\t\t\t\t\t\t\t\t\t\t\t<\/a>\n\t\t\t\t\t\t\t\t\t<\/li>\n\t\t\t\t\t\t\t\t<li class=\"elementor-icon-list-item\">\n\t\t\t\t\t\t\t\t\t\t\t<a href=\"https:\/\/junkbotsclautic.wordpress.com\/blog\/\" target=\"_blank\">\n\n\t\t\t\t\t\t\t\t\t\t\t\t<span class=\"elementor-icon-list-icon\">\n\t\t\t\t\t\t\t<i aria-hidden=\"true\" class=\"fas fa-pen-nib\"><\/i>\t\t\t\t\t\t<\/span>\n\t\t\t\t\t\t\t\t\t\t<span class=\"elementor-icon-list-text\">JUNKBOTS<\/span>\n\t\t\t\t\t\t\t\t\t\t\t<\/a>\n\t\t\t\t\t\t\t\t\t<\/li>\n\t\t\t\t\t\t<\/ul>\n\t\t\t\t\t\t<\/div>\n\t\t\t\t<\/div>\n\t\t\t\t<div class=\"elementor-element elementor-element-5b99a45 elementor-widget elementor-widget-heading\" data-id=\"5b99a45\" data-element_type=\"widget\" data-e-type=\"widget\" data-widget_type=\"heading.default\">\n\t\t\t\t<div class=\"elementor-widget-container\">\n\t\t\t\t\t<h4 class=\"elementor-heading-title elementor-size-default\">R6<\/h4>\t\t\t\t<\/div>\n\t\t\t\t<\/div>\n\t\t\t\t<div class=\"elementor-element elementor-element-5301be8 elementor-icon-list--layout-traditional elementor-list-item-link-full_width elementor-widget elementor-widget-icon-list\" data-id=\"5301be8\" data-element_type=\"widget\" data-e-type=\"widget\" data-widget_type=\"icon-list.default\">\n\t\t\t\t<div class=\"elementor-widget-container\">\n\t\t\t\t\t\t\t<ul class=\"elementor-icon-list-items\">\n\t\t\t\t\t\t\t<li class=\"elementor-icon-list-item\">\n\t\t\t\t\t\t\t\t\t\t\t<a href=\"https:\/\/batmanclautic.wordpress.com\/\" target=\"_blank\">\n\n\t\t\t\t\t\t\t\t\t\t\t\t<span class=\"elementor-icon-list-icon\">\n\t\t\t\t\t\t\t<i aria-hidden=\"true\" class=\"fas fa-pen-nib\"><\/i>\t\t\t\t\t\t<\/span>\n\t\t\t\t\t\t\t\t\t\t<span class=\"elementor-icon-list-text\">THE BATMAN<\/span>\n\t\t\t\t\t\t\t\t\t\t\t<\/a>\n\t\t\t\t\t\t\t\t\t<\/li>\n\t\t\t\t\t\t\t\t<li class=\"elementor-icon-list-item\">\n\t\t\t\t\t\t\t\t\t\t\t<a href=\"https:\/\/pimpampumclautic.wordpress.com\/\" target=\"_blank\">\n\n\t\t\t\t\t\t\t\t\t\t\t\t<span class=\"elementor-icon-list-icon\">\n\t\t\t\t\t\t\t<i aria-hidden=\"true\" class=\"fas fa-pen-nib\"><\/i>\t\t\t\t\t\t<\/span>\n\t\t\t\t\t\t\t\t\t\t<span class=\"elementor-icon-list-text\">PIM PAM PUM<\/span>\n\t\t\t\t\t\t\t\t\t\t\t<\/a>\n\t\t\t\t\t\t\t\t\t<\/li>\n\t\t\t\t\t\t<\/ul>\n\t\t\t\t\t\t<\/div>\n\t\t\t\t<\/div>\n\t\t\t\t\t<\/div>\n\t\t<\/div>\n\t\t\t\t\t<\/div>\n\t\t<\/section>\n\t\t\t\t<section class=\"elementor-section elementor-top-section elementor-element elementor-element-48b12367 elementor-section-boxed elementor-section-height-default elementor-section-height-default\" data-id=\"48b12367\" data-element_type=\"section\" data-e-type=\"section\" data-settings=\"{&quot;jet_parallax_layout_list&quot;:[]}\">\n\t\t\t\t\t\t<div class=\"elementor-container elementor-column-gap-default\">\n\t\t\t\t\t<div class=\"elementor-column elementor-col-100 elementor-top-column elementor-element elementor-element-e53c2a7\" data-id=\"e53c2a7\" data-element_type=\"column\" data-e-type=\"column\">\n\t\t\t<div class=\"elementor-widget-wrap\">\n\t\t\t\t\t\t\t<\/div>\n\t\t<\/div>\n\t\t\t\t\t<\/div>\n\t\t<\/section>\n\t\t\t\t<\/div>\n\t\t","protected":false},"excerpt":{"rendered":"<p>Los alumnos de ClauTIC elaboran un blog donde publican el proceso seguido por algunos proyectos de rob\u00f3tica. \u00a1No dude en echarle un vistazo! ROB\u00d3TICA Blogs Curso 23\/24 R2 LOS GUANAYDORES ELS ROBOTICS GAMERS ROBERTOS LOS GAMERS (hasta reto 3) 64 BITS 32 BITS R3 LES RAYES LES TENEMOS NOMBRE ELS CLIKIS R4 GANCHITOS LOS FANTASMAS [&hellip;]<\/p>\n","protected":false},"author":140,"featured_media":0,"parent":0,"menu_order":0,"comment_status":"closed","ping_status":"closed","template":"","meta":{"_angie_page":false,"footnotes":""},"class_list":["post-23313","page","type-page","status-publish","hentry"],"yoast_head":"<!-- This site is optimized with the Yoast SEO plugin v27.3 - https:\/\/yoast.com\/product\/yoast-seo-wordpress\/ -->\n<title>Blogs de los Alumnos de ClaveTIC. Proyectos de Videojuegos y Rob\u00f3tica<\/title>\n<meta name=\"description\" content=\"Descubre la creatividad de nuestros alumnos a trav\u00e9s de sus blogs en ClauTIC. Desaf\u00edos y proyectos \u00fanicos en videojuegos y rob\u00f3tica.\" \/>\n<meta name=\"robots\" content=\"index, follow, max-snippet:-1, max-image-preview:large, max-video-preview:-1\" \/>\n<link rel=\"canonical\" href=\"https:\/\/clautic.com\/es\/blogs-alumnos\/\" \/>\n<meta property=\"og:locale\" content=\"es_ES\" \/>\n<meta property=\"og:type\" content=\"article\" \/>\n<meta property=\"og:title\" content=\"Blogs de los Alumnos de ClaveTIC. Proyectos de Videojuegos y Rob\u00f3tica\" \/>\n<meta property=\"og:description\" content=\"Descubre la creatividad de nuestros alumnos a trav\u00e9s de sus blogs en ClauTIC. Desaf\u00edos y proyectos \u00fanicos en videojuegos y rob\u00f3tica.\" \/>\n<meta property=\"og:url\" content=\"https:\/\/clautic.com\/es\/blogs-alumnos\/\" \/>\n<meta property=\"og:site_name\" content=\"ClauTIC\" \/>\n<meta property=\"article:publisher\" content=\"https:\/\/www.facebook.com\/clautic\" \/>\n<meta property=\"article:modified_time\" content=\"2024-05-07T11:56:37+00:00\" \/>\n<meta property=\"og:image\" content=\"https:\/\/clautic.com\/wp-content\/uploads\/image-header-3-1024x1024.jpg\" \/>\n<meta name=\"twitter:card\" content=\"summary_large_image\" \/>\n<meta name=\"twitter:site\" content=\"@clauticcamp\" \/>\n<script type=\"application\/ld+json\" class=\"yoast-schema-graph\">{\"@context\":\"https:\\\/\\\/schema.org\",\"@graph\":[{\"@type\":\"WebPage\",\"@id\":\"https:\\\/\\\/clautic.com\\\/es\\\/blogs-alumnos\\\/\",\"url\":\"https:\\\/\\\/clautic.com\\\/es\\\/blogs-alumnos\\\/\",\"name\":\"Blogs de los Alumnos de ClaveTIC. Proyectos de Videojuegos y Rob\u00f3tica\",\"isPartOf\":{\"@id\":\"https:\\\/\\\/clautic.com\\\/es\\\/#website\"},\"primaryImageOfPage\":{\"@id\":\"https:\\\/\\\/clautic.com\\\/es\\\/blogs-alumnos\\\/#primaryimage\"},\"image\":{\"@id\":\"https:\\\/\\\/clautic.com\\\/es\\\/blogs-alumnos\\\/#primaryimage\"},\"thumbnailUrl\":\"https:\\\/\\\/clautic.com\\\/wp-content\\\/uploads\\\/image-header-3-1024x1024.jpg\",\"datePublished\":\"2023-06-16T10:15:34+00:00\",\"dateModified\":\"2024-05-07T11:56:37+00:00\",\"description\":\"Descubre la creatividad de nuestros alumnos a trav\u00e9s de sus blogs en ClauTIC. Desaf\u00edos y proyectos \u00fanicos en videojuegos y rob\u00f3tica.\",\"breadcrumb\":{\"@id\":\"https:\\\/\\\/clautic.com\\\/es\\\/blogs-alumnos\\\/#breadcrumb\"},\"inLanguage\":\"es\",\"potentialAction\":[{\"@type\":\"ReadAction\",\"target\":[\"https:\\\/\\\/clautic.com\\\/es\\\/blogs-alumnos\\\/\"]}]},{\"@type\":\"ImageObject\",\"inLanguage\":\"es\",\"@id\":\"https:\\\/\\\/clautic.com\\\/es\\\/blogs-alumnos\\\/#primaryimage\",\"url\":\"https:\\\/\\\/clautic.com\\\/wp-content\\\/uploads\\\/image-header-3-1024x1024.jpg\",\"contentUrl\":\"https:\\\/\\\/clautic.com\\\/wp-content\\\/uploads\\\/image-header-3-1024x1024.jpg\"},{\"@type\":\"BreadcrumbList\",\"@id\":\"https:\\\/\\\/clautic.com\\\/es\\\/blogs-alumnos\\\/#breadcrumb\",\"itemListElement\":[{\"@type\":\"ListItem\",\"position\":1,\"name\":\"Inici\",\"item\":\"https:\\\/\\\/clautic.com\\\/es\\\/\"},{\"@type\":\"ListItem\",\"position\":2,\"name\":\"Blogs Alumnos\"}]},{\"@type\":\"WebSite\",\"@id\":\"https:\\\/\\\/clautic.com\\\/es\\\/#website\",\"url\":\"https:\\\/\\\/clautic.com\\\/es\\\/\",\"name\":\"ClauTIC\",\"description\":\"Programaci\u00f3, rob\u00f2tica i videojocs com a eines educatives\",\"publisher\":{\"@id\":\"https:\\\/\\\/clautic.com\\\/es\\\/#organization\"},\"alternateName\":\"ClauTIC\",\"potentialAction\":[{\"@type\":\"SearchAction\",\"target\":{\"@type\":\"EntryPoint\",\"urlTemplate\":\"https:\\\/\\\/clautic.com\\\/es\\\/?s={search_term_string}\"},\"query-input\":{\"@type\":\"PropertyValueSpecification\",\"valueRequired\":true,\"valueName\":\"search_term_string\"}}],\"inLanguage\":\"es\"},{\"@type\":\"Organization\",\"@id\":\"https:\\\/\\\/clautic.com\\\/es\\\/#organization\",\"name\":\"ClauTIC\",\"alternateName\":\"ClauTIC\",\"url\":\"https:\\\/\\\/clautic.com\\\/es\\\/\",\"logo\":{\"@type\":\"ImageObject\",\"inLanguage\":\"es\",\"@id\":\"https:\\\/\\\/clautic.com\\\/es\\\/#\\\/schema\\\/logo\\\/image\\\/\",\"url\":\"https:\\\/\\\/clautic.com\\\/wp-content\\\/uploads\\\/cropped-clauTic-logo.png\",\"contentUrl\":\"https:\\\/\\\/clautic.com\\\/wp-content\\\/uploads\\\/cropped-clauTic-logo.png\",\"width\":2318,\"height\":565,\"caption\":\"ClauTIC\"},\"image\":{\"@id\":\"https:\\\/\\\/clautic.com\\\/es\\\/#\\\/schema\\\/logo\\\/image\\\/\"},\"sameAs\":[\"https:\\\/\\\/www.facebook.com\\\/clautic\",\"https:\\\/\\\/x.com\\\/clauticcamp\",\"https:\\\/\\\/www.instagram.com\\\/clautic\\\/\",\"https:\\\/\\\/es.linkedin.com\\\/company\\\/clautic\"]}]}<\/script>\n<!-- \/ Yoast SEO plugin. -->","yoast_head_json":{"title":"Blogs de los Alumnos de ClaveTIC. Proyectos de Videojuegos y Rob\u00f3tica","description":"Descubre la creatividad de nuestros alumnos a trav\u00e9s de sus blogs en ClauTIC. Desaf\u00edos y proyectos \u00fanicos en videojuegos y rob\u00f3tica.","robots":{"index":"index","follow":"follow","max-snippet":"max-snippet:-1","max-image-preview":"max-image-preview:large","max-video-preview":"max-video-preview:-1"},"canonical":"https:\/\/clautic.com\/es\/blogs-alumnos\/","og_locale":"es_ES","og_type":"article","og_title":"Blogs de los Alumnos de ClaveTIC. Proyectos de Videojuegos y Rob\u00f3tica","og_description":"Descubre la creatividad de nuestros alumnos a trav\u00e9s de sus blogs en ClauTIC. Desaf\u00edos y proyectos \u00fanicos en videojuegos y rob\u00f3tica.","og_url":"https:\/\/clautic.com\/es\/blogs-alumnos\/","og_site_name":"ClauTIC","article_publisher":"https:\/\/www.facebook.com\/clautic","article_modified_time":"2024-05-07T11:56:37+00:00","og_image":[{"url":"https:\/\/clautic.com\/wp-content\/uploads\/image-header-3-1024x1024.jpg","type":"","width":"","height":""}],"twitter_card":"summary_large_image","twitter_site":"@clauticcamp","schema":{"@context":"https:\/\/schema.org","@graph":[{"@type":"WebPage","@id":"https:\/\/clautic.com\/es\/blogs-alumnos\/","url":"https:\/\/clautic.com\/es\/blogs-alumnos\/","name":"Blogs de los Alumnos de ClaveTIC. Proyectos de Videojuegos y Rob\u00f3tica","isPartOf":{"@id":"https:\/\/clautic.com\/es\/#website"},"primaryImageOfPage":{"@id":"https:\/\/clautic.com\/es\/blogs-alumnos\/#primaryimage"},"image":{"@id":"https:\/\/clautic.com\/es\/blogs-alumnos\/#primaryimage"},"thumbnailUrl":"https:\/\/clautic.com\/wp-content\/uploads\/image-header-3-1024x1024.jpg","datePublished":"2023-06-16T10:15:34+00:00","dateModified":"2024-05-07T11:56:37+00:00","description":"Descubre la creatividad de nuestros alumnos a trav\u00e9s de sus blogs en ClauTIC. Desaf\u00edos y proyectos \u00fanicos en videojuegos y rob\u00f3tica.","breadcrumb":{"@id":"https:\/\/clautic.com\/es\/blogs-alumnos\/#breadcrumb"},"inLanguage":"es","potentialAction":[{"@type":"ReadAction","target":["https:\/\/clautic.com\/es\/blogs-alumnos\/"]}]},{"@type":"ImageObject","inLanguage":"es","@id":"https:\/\/clautic.com\/es\/blogs-alumnos\/#primaryimage","url":"https:\/\/clautic.com\/wp-content\/uploads\/image-header-3-1024x1024.jpg","contentUrl":"https:\/\/clautic.com\/wp-content\/uploads\/image-header-3-1024x1024.jpg"},{"@type":"BreadcrumbList","@id":"https:\/\/clautic.com\/es\/blogs-alumnos\/#breadcrumb","itemListElement":[{"@type":"ListItem","position":1,"name":"Inici","item":"https:\/\/clautic.com\/es\/"},{"@type":"ListItem","position":2,"name":"Blogs Alumnos"}]},{"@type":"WebSite","@id":"https:\/\/clautic.com\/es\/#website","url":"https:\/\/clautic.com\/es\/","name":"ClauTIC","description":"Programaci\u00f3, rob\u00f2tica i videojocs com a eines educatives","publisher":{"@id":"https:\/\/clautic.com\/es\/#organization"},"alternateName":"ClauTIC","potentialAction":[{"@type":"SearchAction","target":{"@type":"EntryPoint","urlTemplate":"https:\/\/clautic.com\/es\/?s={search_term_string}"},"query-input":{"@type":"PropertyValueSpecification","valueRequired":true,"valueName":"search_term_string"}}],"inLanguage":"es"},{"@type":"Organization","@id":"https:\/\/clautic.com\/es\/#organization","name":"ClauTIC","alternateName":"ClauTIC","url":"https:\/\/clautic.com\/es\/","logo":{"@type":"ImageObject","inLanguage":"es","@id":"https:\/\/clautic.com\/es\/#\/schema\/logo\/image\/","url":"https:\/\/clautic.com\/wp-content\/uploads\/cropped-clauTic-logo.png","contentUrl":"https:\/\/clautic.com\/wp-content\/uploads\/cropped-clauTic-logo.png","width":2318,"height":565,"caption":"ClauTIC"},"image":{"@id":"https:\/\/clautic.com\/es\/#\/schema\/logo\/image\/"},"sameAs":["https:\/\/www.facebook.com\/clautic","https:\/\/x.com\/clauticcamp","https:\/\/www.instagram.com\/clautic\/","https:\/\/es.linkedin.com\/company\/clautic"]}]}},"_links":{"self":[{"href":"https:\/\/clautic.com\/es\/wp-json\/wp\/v2\/pages\/23313","targetHints":{"allow":["GET"]}}],"collection":[{"href":"https:\/\/clautic.com\/es\/wp-json\/wp\/v2\/pages"}],"about":[{"href":"https:\/\/clautic.com\/es\/wp-json\/wp\/v2\/types\/page"}],"author":[{"embeddable":true,"href":"https:\/\/clautic.com\/es\/wp-json\/wp\/v2\/users\/140"}],"replies":[{"embeddable":true,"href":"https:\/\/clautic.com\/es\/wp-json\/wp\/v2\/comments?post=23313"}],"version-history":[{"count":0,"href":"https:\/\/clautic.com\/es\/wp-json\/wp\/v2\/pages\/23313\/revisions"}],"wp:attachment":[{"href":"https:\/\/clautic.com\/es\/wp-json\/wp\/v2\/media?parent=23313"}],"curies":[{"name":"wp","href":"https:\/\/api.w.org\/{rel}","templated":true}]}}