{"id":23196,"date":"2024-02-15T16:31:08","date_gmt":"2024-02-15T15:31:08","guid":{"rendered":"https:\/\/clautic.com\/alumnado\/"},"modified":"2024-03-12T10:45:12","modified_gmt":"2024-03-12T09:45:12","slug":"alumnado","status":"publish","type":"page","link":"https:\/\/clautic.com\/es\/alumnado\/","title":{"rendered":"Alumnado"},"content":{"rendered":"\t\t<div data-elementor-type=\"wp-page\" data-elementor-id=\"23196\" class=\"elementor elementor-23196 elementor-21492\" data-elementor-post-type=\"page\">\n\t\t\t\t\t\t<section class=\"elementor-section elementor-top-section elementor-element elementor-element-a08f175 elementor-section-height-min-height elementor-section-boxed elementor-section-height-default elementor-section-items-middle\" data-id=\"a08f175\" data-element_type=\"section\" data-e-type=\"section\" data-settings=\"{&quot;jet_parallax_layout_list&quot;:[],&quot;shape_divider_bottom&quot;:&quot;tilt&quot;}\">\n\t\t\t\t\t<div class=\"elementor-shape elementor-shape-bottom\" aria-hidden=\"true\" data-negative=\"false\">\n\t\t\t<svg xmlns=\"http:\/\/www.w3.org\/2000\/svg\" viewBox=\"0 0 1000 100\" preserveAspectRatio=\"none\">\n\t<path class=\"elementor-shape-fill\" d=\"M0,6V0h1000v100L0,6z\"\/>\n<\/svg>\t\t<\/div>\n\t\t\t\t\t<div class=\"elementor-container elementor-column-gap-default\">\n\t\t\t\t\t<div class=\"elementor-column elementor-col-50 elementor-top-column elementor-element elementor-element-db1b28e\" data-id=\"db1b28e\" data-element_type=\"column\" data-e-type=\"column\">\n\t\t\t<div class=\"elementor-widget-wrap elementor-element-populated\">\n\t\t\t\t\t\t<div class=\"elementor-element elementor-element-6700dc3 elementor-widget elementor-widget-heading\" data-id=\"6700dc3\" data-element_type=\"widget\" data-e-type=\"widget\" data-widget_type=\"heading.default\">\n\t\t\t\t<div class=\"elementor-widget-container\">\n\t\t\t\t\t<h1 class=\"elementor-heading-title elementor-size-default\">Alumnado<\/h1>\t\t\t\t<\/div>\n\t\t\t\t<\/div>\n\t\t\t\t<div class=\"elementor-element elementor-element-9390be5 elementor-widget elementor-widget-heading\" data-id=\"9390be5\" data-element_type=\"widget\" data-e-type=\"widget\" data-widget_type=\"heading.default\">\n\t\t\t\t<div class=\"elementor-widget-container\">\n\t\t\t\t\t<p class=\"elementor-heading-title elementor-size-default\">Proyectos realizados por nuestros alumnos<\/p>\t\t\t\t<\/div>\n\t\t\t\t<\/div>\n\t\t\t\t\t<\/div>\n\t\t<\/div>\n\t\t\t\t<div class=\"elementor-column elementor-col-50 elementor-top-column elementor-element elementor-element-3815c79\" data-id=\"3815c79\" data-element_type=\"column\" data-e-type=\"column\">\n\t\t\t<div class=\"elementor-widget-wrap elementor-element-populated\">\n\t\t\t\t\t\t<div class=\"elementor-element elementor-element-03badd5 elementor-invisible elementor-widget elementor-widget-image\" data-id=\"03badd5\" data-element_type=\"widget\" data-e-type=\"widget\" data-settings=\"{&quot;_animation&quot;:&quot;zoomIn&quot;}\" data-widget_type=\"image.default\">\n\t\t\t\t<div class=\"elementor-widget-container\">\n\t\t\t\t\t\t\t\t\t\t\t\t\t\t\t<img fetchpriority=\"high\" decoding=\"async\" width=\"800\" height=\"800\" src=\"https:\/\/clautic.com\/wp-content\/uploads\/image-header-1.jpg\" class=\"attachment-large size-large wp-image-23129\" alt=\"\" srcset=\"https:\/\/clautic.com\/wp-content\/uploads\/image-header-1.jpg 900w, https:\/\/clautic.com\/wp-content\/uploads\/image-header-1-300x300.jpg 300w, https:\/\/clautic.com\/wp-content\/uploads\/image-header-1-150x150.jpg 150w, https:\/\/clautic.com\/wp-content\/uploads\/image-header-1-768x768.jpg 768w, https:\/\/clautic.com\/wp-content\/uploads\/image-header-1-600x600.jpg 600w, https:\/\/clautic.com\/wp-content\/uploads\/image-header-1-100x100.jpg 100w\" sizes=\"(max-width: 800px) 100vw, 800px\" \/>\t\t\t\t\t\t\t\t\t\t\t\t\t\t\t<\/div>\n\t\t\t\t<\/div>\n\t\t\t\t\t<\/div>\n\t\t<\/div>\n\t\t\t\t\t<\/div>\n\t\t<\/section>\n\t\t\t\t<section class=\"elementor-section elementor-top-section elementor-element elementor-element-7e5f957 elementor-section-boxed elementor-section-height-default elementor-section-height-default\" data-id=\"7e5f957\" data-element_type=\"section\" data-e-type=\"section\" data-settings=\"{&quot;jet_parallax_layout_list&quot;:[]}\">\n\t\t\t\t\t\t<div class=\"elementor-container elementor-column-gap-default\">\n\t\t\t\t\t<div class=\"elementor-column elementor-col-100 elementor-top-column elementor-element elementor-element-20558f3\" data-id=\"20558f3\" data-element_type=\"column\" data-e-type=\"column\">\n\t\t\t<div class=\"elementor-widget-wrap elementor-element-populated\">\n\t\t\t\t\t\t<div class=\"elementor-element elementor-element-0c3dbaa elementor-widget elementor-widget-text-editor\" data-id=\"0c3dbaa\" data-element_type=\"widget\" data-e-type=\"widget\" data-widget_type=\"text-editor.default\">\n\t\t\t\t<div class=\"elementor-widget-container\">\n\t\t\t\t\t\t\t\t\t<p>Descubre la pasi\u00f3n y el talento de nuestros estudiantes en el desarrollo de videojuegos a trav\u00e9s de nuestra <strong>galer\u00eda de proyectos en ClauTIC<\/strong>.<\/p>\n<p>Desde juegos interactivos creados con <strong>Scratch<\/strong>, perfectos para principiantes, hasta creaciones m\u00e1s complejas elaboradas con <strong>Unity<\/strong>, esta colecci\u00f3n demuestra la creatividad y la capacidad t\u00e9cnica de los j\u00f3venes desarrolladores.<\/p>\n<p>Cada proyecto es una ventana al potencial ilimitado de nuestros alumnos, fusionando narrativa, dise\u00f1o y programaci\u00f3n para crear experiencias \u00fanicas y enriquecedoras. Acomp\u00e1\u00f1anos en esta aventura digital e ins\u00f3rmate con las innovadoras creaciones de los futuros l\u00edderes en tecnolog\u00eda.<\/p>\n\t\t\t\t\t\t\t\t<\/div>\n\t\t\t\t<\/div>\n\t\t\t\t<section class=\"elementor-section elementor-inner-section elementor-element elementor-element-0a1f004 elementor-section-boxed elementor-section-height-default elementor-section-height-default\" data-id=\"0a1f004\" data-element_type=\"section\" data-e-type=\"section\" data-settings=\"{&quot;jet_parallax_layout_list&quot;:[]}\">\n\t\t\t\t\t\t<div class=\"elementor-container elementor-column-gap-default\">\n\t\t\t\t\t<div class=\"elementor-column elementor-col-50 elementor-inner-column elementor-element elementor-element-94890b2\" data-id=\"94890b2\" data-element_type=\"column\" data-e-type=\"column\">\n\t\t\t<div class=\"elementor-widget-wrap elementor-element-populated\">\n\t\t\t\t\t\t<div class=\"elementor-element elementor-element-40eeb5b elementor-widget elementor-widget-heading\" data-id=\"40eeb5b\" data-element_type=\"widget\" data-e-type=\"widget\" data-widget_type=\"heading.default\">\n\t\t\t\t<div class=\"elementor-widget-container\">\n\t\t\t\t\t<h3 class=\"elementor-heading-title elementor-size-default\">Videojuegos con Scratch <\/h3>\t\t\t\t<\/div>\n\t\t\t\t<\/div>\n\t\t\t\t<div class=\"elementor-element elementor-element-2edf6ff elementor-widget elementor-widget-jet-banner\" data-id=\"2edf6ff\" data-element_type=\"widget\" data-e-type=\"widget\" data-widget_type=\"jet-banner.default\">\n\t\t\t\t<div class=\"elementor-widget-container\">\n\t\t\t\t\t<div class=\"elementor-jet-banner jet-elements\"><figure class=\"jet-banner jet-effect-oscar\"><a href=\"https:\/\/clautic.com\/alumnat\/videojocs-amb-scratch\/\" class=\"jet-banner__link\"><div class=\"jet-banner__overlay\"><\/div><img decoding=\"async\" src=\"https:\/\/clautic.com\/wp-content\/uploads\/banner-videojocs-scratch.jpg\" alt=\"Videojocs amb Scratch\" width=\"100%\" height=\"100%\" class=\"jet-banner__img\"><figcaption class=\"jet-banner__content\"><div class=\"jet-banner__content-wrap\"><h3 class=\"jet-banner__title\">Scratch<\/h3><\/div><\/figcaption><\/a><\/figure>\n<\/div>\t\t\t\t<\/div>\n\t\t\t\t<\/div>\n\t\t\t\t\t<\/div>\n\t\t<\/div>\n\t\t\t\t<div class=\"elementor-column elementor-col-50 elementor-inner-column elementor-element elementor-element-1e1d1ce\" data-id=\"1e1d1ce\" data-element_type=\"column\" data-e-type=\"column\">\n\t\t\t<div class=\"elementor-widget-wrap elementor-element-populated\">\n\t\t\t\t\t\t<div class=\"elementor-element elementor-element-4e889ef elementor-widget elementor-widget-heading\" data-id=\"4e889ef\" data-element_type=\"widget\" data-e-type=\"widget\" data-widget_type=\"heading.default\">\n\t\t\t\t<div class=\"elementor-widget-container\">\n\t\t\t\t\t<h3 class=\"elementor-heading-title elementor-size-default\">Videojuegos con Unity<\/h3>\t\t\t\t<\/div>\n\t\t\t\t<\/div>\n\t\t\t\t<div class=\"elementor-element elementor-element-302b2cc elementor-widget elementor-widget-jet-banner\" data-id=\"302b2cc\" data-element_type=\"widget\" data-e-type=\"widget\" data-widget_type=\"jet-banner.default\">\n\t\t\t\t<div class=\"elementor-widget-container\">\n\t\t\t\t\t<div class=\"elementor-jet-banner jet-elements\"><figure class=\"jet-banner jet-effect-oscar\"><a href=\"https:\/\/clautic.com\/alumnat\/videojocs-amb-unity\/\" class=\"jet-banner__link\"><div class=\"jet-banner__overlay\"><\/div><img decoding=\"async\" src=\"https:\/\/clautic.com\/wp-content\/uploads\/banner-videojocs-unity.jpg\" alt=\"Videojocs amb Unity\" width=\"100%\" height=\"100%\" class=\"jet-banner__img\"><figcaption class=\"jet-banner__content\"><div class=\"jet-banner__content-wrap\"><h3 class=\"jet-banner__title\">Unity<\/h3><\/div><\/figcaption><\/a><\/figure>\n<\/div>\t\t\t\t<\/div>\n\t\t\t\t<\/div>\n\t\t\t\t\t<\/div>\n\t\t<\/div>\n\t\t\t\t\t<\/div>\n\t\t<\/section>\n\t\t\t\t\t<\/div>\n\t\t<\/div>\n\t\t\t\t\t<\/div>\n\t\t<\/section>\n\t\t\t\t<\/div>\n\t\t","protected":false},"excerpt":{"rendered":"<p>Proyectos realizados por nuestros alumnos Descubre la pasi\u00f3n y el talento de nuestros estudiantes en el desarrollo de videojuegos a trav\u00e9s de nuestra galer\u00eda de proyectos en ClauTIC. Desde juegos interactivos creados con Scratch, perfectos para principiantes, hasta creaciones m\u00e1s complejas elaboradas con Unity, esta colecci\u00f3n demuestra la creatividad y la capacidad t\u00e9cnica de los [&hellip;]<\/p>\n","protected":false},"author":168,"featured_media":0,"parent":0,"menu_order":0,"comment_status":"closed","ping_status":"closed","template":"","meta":{"_angie_page":false,"footnotes":""},"class_list":["post-23196","page","type-page","status-publish","hentry"],"yoast_head":"<!-- This site is optimized with the Yoast SEO plugin v27.3 - https:\/\/yoast.com\/product\/yoast-seo-wordpress\/ -->\n<title>Proyectos Innovadores de los Alumnos &#8226; ClauTIC. Academia de Tecnolog\u00eda<\/title>\n<meta name=\"description\" content=\"Explora los proyectos de videojuegos y rob\u00f3tica creados por los estudiantes de ClauTIC. Una muestra de lo pueden conseguir con nuestra formaci\u00f3n.\" \/>\n<meta name=\"robots\" content=\"index, follow, max-snippet:-1, max-image-preview:large, max-video-preview:-1\" \/>\n<link rel=\"canonical\" href=\"https:\/\/clautic.com\/es\/alumnado\/\" \/>\n<meta property=\"og:locale\" content=\"es_ES\" \/>\n<meta property=\"og:type\" content=\"article\" \/>\n<meta property=\"og:title\" content=\"Proyectos Innovadores de los Alumnos &#8226; ClauTIC. Academia de Tecnolog\u00eda\" \/>\n<meta property=\"og:description\" content=\"Explora los proyectos de videojuegos y rob\u00f3tica creados por los estudiantes de ClauTIC. Una muestra de lo pueden conseguir con nuestra formaci\u00f3n.\" \/>\n<meta property=\"og:url\" content=\"https:\/\/clautic.com\/es\/alumnado\/\" \/>\n<meta property=\"og:site_name\" content=\"ClauTIC\" \/>\n<meta property=\"article:publisher\" content=\"https:\/\/www.facebook.com\/clautic\" \/>\n<meta property=\"article:modified_time\" content=\"2024-03-12T09:45:12+00:00\" \/>\n<meta property=\"og:image\" content=\"https:\/\/clautic.com\/wp-content\/uploads\/image-header-1.jpg\" \/>\n<meta name=\"twitter:card\" content=\"summary_large_image\" \/>\n<meta name=\"twitter:site\" content=\"@clauticcamp\" \/>\n<meta name=\"twitter:label1\" content=\"Tiempo de lectura\" \/>\n\t<meta name=\"twitter:data1\" content=\"1 minuto\" \/>\n<script type=\"application\/ld+json\" class=\"yoast-schema-graph\">{\"@context\":\"https:\\\/\\\/schema.org\",\"@graph\":[{\"@type\":\"WebPage\",\"@id\":\"https:\\\/\\\/clautic.com\\\/es\\\/alumnado\\\/\",\"url\":\"https:\\\/\\\/clautic.com\\\/es\\\/alumnado\\\/\",\"name\":\"Proyectos Innovadores de los Alumnos &#8226; ClauTIC. Academia de Tecnolog\u00eda\",\"isPartOf\":{\"@id\":\"https:\\\/\\\/clautic.com\\\/es\\\/#website\"},\"primaryImageOfPage\":{\"@id\":\"https:\\\/\\\/clautic.com\\\/es\\\/alumnado\\\/#primaryimage\"},\"image\":{\"@id\":\"https:\\\/\\\/clautic.com\\\/es\\\/alumnado\\\/#primaryimage\"},\"thumbnailUrl\":\"https:\\\/\\\/clautic.com\\\/wp-content\\\/uploads\\\/image-header-1.jpg\",\"datePublished\":\"2024-02-15T15:31:08+00:00\",\"dateModified\":\"2024-03-12T09:45:12+00:00\",\"description\":\"Explora los proyectos de videojuegos y rob\u00f3tica creados por los estudiantes de ClauTIC. Una muestra de lo pueden conseguir con nuestra formaci\u00f3n.\",\"breadcrumb\":{\"@id\":\"https:\\\/\\\/clautic.com\\\/es\\\/alumnado\\\/#breadcrumb\"},\"inLanguage\":\"es\",\"potentialAction\":[{\"@type\":\"ReadAction\",\"target\":[\"https:\\\/\\\/clautic.com\\\/es\\\/alumnado\\\/\"]}]},{\"@type\":\"ImageObject\",\"inLanguage\":\"es\",\"@id\":\"https:\\\/\\\/clautic.com\\\/es\\\/alumnado\\\/#primaryimage\",\"url\":\"https:\\\/\\\/clautic.com\\\/wp-content\\\/uploads\\\/image-header-1.jpg\",\"contentUrl\":\"https:\\\/\\\/clautic.com\\\/wp-content\\\/uploads\\\/image-header-1.jpg\"},{\"@type\":\"BreadcrumbList\",\"@id\":\"https:\\\/\\\/clautic.com\\\/es\\\/alumnado\\\/#breadcrumb\",\"itemListElement\":[{\"@type\":\"ListItem\",\"position\":1,\"name\":\"Inici\",\"item\":\"https:\\\/\\\/clautic.com\\\/es\\\/\"},{\"@type\":\"ListItem\",\"position\":2,\"name\":\"Alumnado\"}]},{\"@type\":\"WebSite\",\"@id\":\"https:\\\/\\\/clautic.com\\\/es\\\/#website\",\"url\":\"https:\\\/\\\/clautic.com\\\/es\\\/\",\"name\":\"ClauTIC\",\"description\":\"Programaci\u00f3, rob\u00f2tica i videojocs com a eines educatives\",\"publisher\":{\"@id\":\"https:\\\/\\\/clautic.com\\\/es\\\/#organization\"},\"alternateName\":\"ClauTIC\",\"potentialAction\":[{\"@type\":\"SearchAction\",\"target\":{\"@type\":\"EntryPoint\",\"urlTemplate\":\"https:\\\/\\\/clautic.com\\\/es\\\/?s={search_term_string}\"},\"query-input\":{\"@type\":\"PropertyValueSpecification\",\"valueRequired\":true,\"valueName\":\"search_term_string\"}}],\"inLanguage\":\"es\"},{\"@type\":\"Organization\",\"@id\":\"https:\\\/\\\/clautic.com\\\/es\\\/#organization\",\"name\":\"ClauTIC\",\"alternateName\":\"ClauTIC\",\"url\":\"https:\\\/\\\/clautic.com\\\/es\\\/\",\"logo\":{\"@type\":\"ImageObject\",\"inLanguage\":\"es\",\"@id\":\"https:\\\/\\\/clautic.com\\\/es\\\/#\\\/schema\\\/logo\\\/image\\\/\",\"url\":\"https:\\\/\\\/clautic.com\\\/wp-content\\\/uploads\\\/cropped-clauTic-logo.png\",\"contentUrl\":\"https:\\\/\\\/clautic.com\\\/wp-content\\\/uploads\\\/cropped-clauTic-logo.png\",\"width\":2318,\"height\":565,\"caption\":\"ClauTIC\"},\"image\":{\"@id\":\"https:\\\/\\\/clautic.com\\\/es\\\/#\\\/schema\\\/logo\\\/image\\\/\"},\"sameAs\":[\"https:\\\/\\\/www.facebook.com\\\/clautic\",\"https:\\\/\\\/x.com\\\/clauticcamp\",\"https:\\\/\\\/www.instagram.com\\\/clautic\\\/\",\"https:\\\/\\\/es.linkedin.com\\\/company\\\/clautic\"]}]}<\/script>\n<!-- \/ Yoast SEO plugin. -->","yoast_head_json":{"title":"Proyectos Innovadores de los Alumnos &#8226; ClauTIC. Academia de Tecnolog\u00eda","description":"Explora los proyectos de videojuegos y rob\u00f3tica creados por los estudiantes de ClauTIC. Una muestra de lo pueden conseguir con nuestra formaci\u00f3n.","robots":{"index":"index","follow":"follow","max-snippet":"max-snippet:-1","max-image-preview":"max-image-preview:large","max-video-preview":"max-video-preview:-1"},"canonical":"https:\/\/clautic.com\/es\/alumnado\/","og_locale":"es_ES","og_type":"article","og_title":"Proyectos Innovadores de los Alumnos &#8226; ClauTIC. Academia de Tecnolog\u00eda","og_description":"Explora los proyectos de videojuegos y rob\u00f3tica creados por los estudiantes de ClauTIC. Una muestra de lo pueden conseguir con nuestra formaci\u00f3n.","og_url":"https:\/\/clautic.com\/es\/alumnado\/","og_site_name":"ClauTIC","article_publisher":"https:\/\/www.facebook.com\/clautic","article_modified_time":"2024-03-12T09:45:12+00:00","og_image":[{"url":"https:\/\/clautic.com\/wp-content\/uploads\/image-header-1.jpg","type":"","width":"","height":""}],"twitter_card":"summary_large_image","twitter_site":"@clauticcamp","twitter_misc":{"Tiempo de lectura":"1 minuto"},"schema":{"@context":"https:\/\/schema.org","@graph":[{"@type":"WebPage","@id":"https:\/\/clautic.com\/es\/alumnado\/","url":"https:\/\/clautic.com\/es\/alumnado\/","name":"Proyectos Innovadores de los Alumnos &#8226; ClauTIC. Academia de Tecnolog\u00eda","isPartOf":{"@id":"https:\/\/clautic.com\/es\/#website"},"primaryImageOfPage":{"@id":"https:\/\/clautic.com\/es\/alumnado\/#primaryimage"},"image":{"@id":"https:\/\/clautic.com\/es\/alumnado\/#primaryimage"},"thumbnailUrl":"https:\/\/clautic.com\/wp-content\/uploads\/image-header-1.jpg","datePublished":"2024-02-15T15:31:08+00:00","dateModified":"2024-03-12T09:45:12+00:00","description":"Explora los proyectos de videojuegos y rob\u00f3tica creados por los estudiantes de ClauTIC. Una muestra de lo pueden conseguir con nuestra formaci\u00f3n.","breadcrumb":{"@id":"https:\/\/clautic.com\/es\/alumnado\/#breadcrumb"},"inLanguage":"es","potentialAction":[{"@type":"ReadAction","target":["https:\/\/clautic.com\/es\/alumnado\/"]}]},{"@type":"ImageObject","inLanguage":"es","@id":"https:\/\/clautic.com\/es\/alumnado\/#primaryimage","url":"https:\/\/clautic.com\/wp-content\/uploads\/image-header-1.jpg","contentUrl":"https:\/\/clautic.com\/wp-content\/uploads\/image-header-1.jpg"},{"@type":"BreadcrumbList","@id":"https:\/\/clautic.com\/es\/alumnado\/#breadcrumb","itemListElement":[{"@type":"ListItem","position":1,"name":"Inici","item":"https:\/\/clautic.com\/es\/"},{"@type":"ListItem","position":2,"name":"Alumnado"}]},{"@type":"WebSite","@id":"https:\/\/clautic.com\/es\/#website","url":"https:\/\/clautic.com\/es\/","name":"ClauTIC","description":"Programaci\u00f3, rob\u00f2tica i videojocs com a eines educatives","publisher":{"@id":"https:\/\/clautic.com\/es\/#organization"},"alternateName":"ClauTIC","potentialAction":[{"@type":"SearchAction","target":{"@type":"EntryPoint","urlTemplate":"https:\/\/clautic.com\/es\/?s={search_term_string}"},"query-input":{"@type":"PropertyValueSpecification","valueRequired":true,"valueName":"search_term_string"}}],"inLanguage":"es"},{"@type":"Organization","@id":"https:\/\/clautic.com\/es\/#organization","name":"ClauTIC","alternateName":"ClauTIC","url":"https:\/\/clautic.com\/es\/","logo":{"@type":"ImageObject","inLanguage":"es","@id":"https:\/\/clautic.com\/es\/#\/schema\/logo\/image\/","url":"https:\/\/clautic.com\/wp-content\/uploads\/cropped-clauTic-logo.png","contentUrl":"https:\/\/clautic.com\/wp-content\/uploads\/cropped-clauTic-logo.png","width":2318,"height":565,"caption":"ClauTIC"},"image":{"@id":"https:\/\/clautic.com\/es\/#\/schema\/logo\/image\/"},"sameAs":["https:\/\/www.facebook.com\/clautic","https:\/\/x.com\/clauticcamp","https:\/\/www.instagram.com\/clautic\/","https:\/\/es.linkedin.com\/company\/clautic"]}]}},"_links":{"self":[{"href":"https:\/\/clautic.com\/es\/wp-json\/wp\/v2\/pages\/23196","targetHints":{"allow":["GET"]}}],"collection":[{"href":"https:\/\/clautic.com\/es\/wp-json\/wp\/v2\/pages"}],"about":[{"href":"https:\/\/clautic.com\/es\/wp-json\/wp\/v2\/types\/page"}],"author":[{"embeddable":true,"href":"https:\/\/clautic.com\/es\/wp-json\/wp\/v2\/users\/168"}],"replies":[{"embeddable":true,"href":"https:\/\/clautic.com\/es\/wp-json\/wp\/v2\/comments?post=23196"}],"version-history":[{"count":0,"href":"https:\/\/clautic.com\/es\/wp-json\/wp\/v2\/pages\/23196\/revisions"}],"wp:attachment":[{"href":"https:\/\/clautic.com\/es\/wp-json\/wp\/v2\/media?parent=23196"}],"curies":[{"name":"wp","href":"https:\/\/api.w.org\/{rel}","templated":true}]}}